{"id":147,"date":"2023-06-06T10:00:06","date_gmt":"2023-06-06T08:00:06","guid":{"rendered":"https:\/\/goldencocoon.fr\/?page_id=147"},"modified":"2023-06-21T14:17:04","modified_gmt":"2023-06-21T12:17:04","slug":"magnetisme-humaniste","status":"publish","type":"page","link":"https:\/\/goldencocoon.fr\/index.php\/magnetisme-humaniste\/","title":{"rendered":"MAGN\u00c9TISME HUMANISTE"},"content":{"rendered":"<p>[et_pb_section fb_built=\u00a0\u00bb1&Prime; _builder_version=\u00a0\u00bb4.16&Prime; _module_preset=\u00a0\u00bbdefault\u00a0\u00bb global_colors_info=\u00a0\u00bb{}\u00a0\u00bb][et_pb_row _builder_version=\u00a0\u00bb4.16&Prime; _module_preset=\u00a0\u00bbdefault\u00a0\u00bb min_height=\u00a0\u00bb73.1px\u00a0\u00bb custom_margin=\u00a0\u00bb|auto|-51px|auto||\u00a0\u00bb global_colors_info=\u00a0\u00bb{}\u00a0\u00bb][et_pb_column type=\u00a0\u00bb4_4&Prime; _builder_version=\u00a0\u00bb4.16&Prime; _module_preset=\u00a0\u00bbdefault\u00a0\u00bb global_colors_info=\u00a0\u00bb{}\u00a0\u00bb][et_pb_text _builder_version=\u00a0\u00bb4.21.0&Prime; _module_preset=\u00a0\u00bbdefault\u00a0\u00bb text_text_color=\u00a0\u00bb#cb8e13&Prime; header_text_color=\u00a0\u00bb#cb8e13&Prime; global_colors_info=\u00a0\u00bb{}\u00a0\u00bb]<\/p>\n<h1 style=\"text-align: center;\"><em><\/em><\/h1>\n<h1 style=\"text-align: center;\"><em>La s\u00e9ance <\/em><\/h1>\n<h1 style=\"text-align: center;\"><em>de Magn\u00e9tisme Humaniste<\/em><\/h1>\n<p><em><\/em><\/p>\n<p>[\/et_pb_text][\/et_pb_column][\/et_pb_row][et_pb_row _builder_version=\u00a0\u00bb4.21.0&Prime; _module_preset=\u00a0\u00bbdefault\u00a0\u00bb width=\u00a0\u00bb85%\u00a0\u00bb max_width=\u00a0\u00bb988px\u00a0\u00bb min_height=\u00a0\u00bb320px\u00a0\u00bb height=\u00a0\u00bb129px\u00a0\u00bb custom_margin=\u00a0\u00bb-4px|auto|10px|auto||\u00a0\u00bb custom_padding=\u00a0\u00bb101px||101px||true|\u00a0\u00bb border_width_all=\u00a0\u00bb0px\u00a0\u00bb border_color_all=\u00a0\u00bbRGBA(255,255,255,0)\u00a0\u00bb border_style_all=\u00a0\u00bbnone\u00a0\u00bb border_color_left=\u00a0\u00bbRGBA(255,255,255,0)\u00a0\u00bb global_colors_info=\u00a0\u00bb{}\u00a0\u00bb][et_pb_column type=\u00a0\u00bb4_4&Prime; _builder_version=\u00a0\u00bb4.16&Prime; _module_preset=\u00a0\u00bbdefault\u00a0\u00bb global_colors_info=\u00a0\u00bb{}\u00a0\u00bb][et_pb_text _builder_version=\u00a0\u00bb4.21.0&Prime; _module_preset=\u00a0\u00bbdefault\u00a0\u00bb text_font=\u00a0\u00bb|||||on|||\u00a0\u00bb text_font_size=\u00a0\u00bb15px\u00a0\u00bb text_letter_spacing=\u00a0\u00bb1px\u00a0\u00bb text_line_height=\u00a0\u00bb1.8em\u00a0\u00bb text_orientation=\u00a0\u00bbcenter\u00a0\u00bb min_height=\u00a0\u00bb132px\u00a0\u00bb height=\u00a0\u00bb58px\u00a0\u00bb max_height=\u00a0\u00bb1000px\u00a0\u00bb custom_margin=\u00a0\u00bb||43px|||\u00a0\u00bb custom_padding=\u00a0\u00bb||0px|||\u00a0\u00bb animation_style=\u00a0\u00bbfade\u00a0\u00bb animation_duration=\u00a0\u00bb1700ms\u00a0\u00bb animation_starting_opacity=\u00a0\u00bb36%\u00a0\u00bb scroll_vertical_motion_enable=\u00a0\u00bboff\u00a0\u00bb scroll_vertical_motion=\u00a0\u00bb0|44|44|100|4|0|-4&Prime; scroll_horizontal_motion_enable=\u00a0\u00bboff\u00a0\u00bb scroll_fade_enable=\u00a0\u00bboff\u00a0\u00bb scroll_fade=\u00a0\u00bb0|45|45|100|0|100|100&Prime; motion_trigger_start=\u00a0\u00bbtop\u00a0\u00bb border_width_all=\u00a0\u00bb1px\u00a0\u00bb border_color_all=\u00a0\u00bbRGBA(255,255,255,0)\u00a0\u00bb border_style_all=\u00a0\u00bbnone\u00a0\u00bb border_width_top=\u00a0\u00bb0px\u00a0\u00bb border_width_bottom=\u00a0\u00bb0px\u00a0\u00bb border_color_bottom=\u00a0\u00bbRGBA(255,255,255,0)\u00a0\u00bb border_style_bottom=\u00a0\u00bbridge\u00a0\u00bb global_colors_info=\u00a0\u00bb{}\u00a0\u00bb]<\/p>\n<p style=\"text-align: center;\">\u00catre accompagn\u00e9 sur son chemin de vie en devenant sa propre source de gu\u00e9rison. Comprendre son \u00eatre et ses m\u00e9canismes pour pouvoir faire de nouveaux choix en conscience. Choisir de prendre de nouvelles directions.<\/p>\n<p style=\"text-align: center;\"><strong>Le chemin de vie est le parcours qui permet \u00e0 notre \u00eatre d&rsquo;\u00e9voluer.<\/strong><\/p>\n<p style=\"text-align: center;\"><strong><\/strong><\/p>\n<p style=\"text-align: center;\"><strong><\/strong><\/p>\n<p style=\"text-align: center;\"><strong><\/strong><\/p>\n<p style=\"text-align: center;\">[\/et_pb_text][\/et_pb_column][\/et_pb_row][\/et_pb_section][et_pb_section fb_built=\u00a0\u00bb1&Prime; _builder_version=\u00a0\u00bb4.21.0&Prime; _module_preset=\u00a0\u00bbdefault\u00a0\u00bb background_image=\u00a0\u00bbhttp:\/\/goldencocoon.fr\/wp-content\/uploads\/2022\/03\/DSCF9816-scaled.jpg\u00a0\u00bb parallax=\u00a0\u00bbon\u00a0\u00bb min_height=\u00a0\u00bb99.4px\u00a0\u00bb custom_margin=\u00a0\u00bb||7px|||\u00a0\u00bb custom_padding=\u00a0\u00bb60px||||false|false\u00a0\u00bb global_colors_info=\u00a0\u00bb{}\u00a0\u00bb][et_pb_row _builder_version=\u00a0\u00bb4.16&Prime; _module_preset=\u00a0\u00bbdefault\u00a0\u00bb global_colors_info=\u00a0\u00bb{}\u00a0\u00bb][et_pb_column type=\u00a0\u00bb4_4&Prime; _builder_version=\u00a0\u00bb4.16&Prime; _module_preset=\u00a0\u00bbdefault\u00a0\u00bb global_colors_info=\u00a0\u00bb{}\u00a0\u00bb][et_pb_text _builder_version=\u00a0\u00bb4.16&Prime; _module_preset=\u00a0\u00bbdefault\u00a0\u00bb global_colors_info=\u00a0\u00bb{}\u00a0\u00bb][\/et_pb_text][\/et_pb_column][\/et_pb_row][et_pb_row _builder_version=\u00a0\u00bb4.16&Prime; _module_preset=\u00a0\u00bbdefault\u00a0\u00bb global_colors_info=\u00a0\u00bb{}\u00a0\u00bb][et_pb_column type=\u00a0\u00bb4_4&Prime; _builder_version=\u00a0\u00bb4.16&Prime; _module_preset=\u00a0\u00bbdefault\u00a0\u00bb global_colors_info=\u00a0\u00bb{}\u00a0\u00bb][et_pb_text _builder_version=\u00a0\u00bb4.16&Prime; _module_preset=\u00a0\u00bbdefault\u00a0\u00bb global_colors_info=\u00a0\u00bb{}\u00a0\u00bb]<\/p>\n<p>&nbsp;<\/p>\n<p>[\/et_pb_text][\/et_pb_column][\/et_pb_row][et_pb_row _builder_version=\u00a0\u00bb4.16&Prime; _module_preset=\u00a0\u00bbdefault\u00a0\u00bb global_colors_info=\u00a0\u00bb{}\u00a0\u00bb][et_pb_column type=\u00a0\u00bb4_4&Prime; _builder_version=\u00a0\u00bb4.16&Prime; _module_preset=\u00a0\u00bbdefault\u00a0\u00bb global_colors_info=\u00a0\u00bb{}\u00a0\u00bb][et_pb_text _builder_version=\u00a0\u00bb4.16&Prime; _module_preset=\u00a0\u00bbdefault\u00a0\u00bb global_colors_info=\u00a0\u00bb{}\u00a0\u00bb]<\/p>\n<p>&nbsp;<\/p>\n<p>[\/et_pb_text][\/et_pb_column][\/et_pb_row][\/et_pb_section][et_pb_section fb_built=\u00a0\u00bb1&Prime; _builder_version=\u00a0\u00bb4.16&Prime; _module_preset=\u00a0\u00bbdefault\u00a0\u00bb min_height=\u00a0\u00bb794.9px\u00a0\u00bb custom_padding=\u00a0\u00bb||5px|||\u00a0\u00bb global_colors_info=\u00a0\u00bb{}\u00a0\u00bb][et_pb_row _builder_version=\u00a0\u00bb4.21.0&Prime; _module_preset=\u00a0\u00bbdefault\u00a0\u00bb width=\u00a0\u00bb81%\u00a0\u00bb max_width=\u00a0\u00bb1125px\u00a0\u00bb min_height=\u00a0\u00bb456px\u00a0\u00bb global_colors_info=\u00a0\u00bb{}\u00a0\u00bb][et_pb_column type=\u00a0\u00bb4_4&Prime; _builder_version=\u00a0\u00bb4.16&Prime; _module_preset=\u00a0\u00bbdefault\u00a0\u00bb global_colors_info=\u00a0\u00bb{}\u00a0\u00bb][et_pb_text _builder_version=\u00a0\u00bb4.21.0&Prime; _module_preset=\u00a0\u00bbdefault\u00a0\u00bb header_text_color=\u00a0\u00bb#cb8e13&Prime; text_orientation=\u00a0\u00bbcenter\u00a0\u00bb min_height=\u00a0\u00bb435px\u00a0\u00bb global_colors_info=\u00a0\u00bb{}\u00a0\u00bb]<\/p>\n<p style=\"text-align: center;\"><span style=\"font-size: large; color: #cb8e13;\"><\/span><\/p>\n<p style=\"text-align: center;\"><span style=\"font-size: large; color: #cb8e13;\">UNE TH\u00c9RAPIE DOUCE <\/span><\/p>\n<p style=\"text-align: center;\"><span style=\"font-size: large; color: #cb8e13;\">AU SERVICE DE L&rsquo;\u00caTRE<\/span><\/p>\n<p style=\"text-align: center;\"><span style=\"font-size: large; color: #cb8e13;\"><\/span><\/p>\n<p style=\"text-align: left;\"><span style=\"font-size: large;\">Le Magn\u00e9tisme Humaniste est une th\u00e9rapie psycho-corporelle qui <strong>consid\u00e8re l\u2019\u00eatre dans sa globalit\u00e9 physique et \u00e9nerg\u00e9tique.<\/strong> Il offre \u00e0 chacun de redevenir l&rsquo;acteur et le cr\u00e9ateur de sa vie<strong>.<\/strong> Il permet d\u2019agir sur les diff\u00e9rents blocages (m\u00e9moires, traumas, fausses croyances\u2026) qui peuvent \u00eatre \u00e0 l\u2019origine de douleurs physiques et psychologiques. Comprendre ces m\u00e9canismes, leur origine, c\u2019est en redevenir ma\u00eetre pour pouvoir recr\u00e9er votre nouvelle r\u00e9alit\u00e9.\u00a0<\/span><\/p>\n<p style=\"text-align: left;\"><span style=\"font-size: large; color: #cb8e13;\"><strong>La s\u00e9ance de magn\u00e9tisme, pr\u00e9c\u00e9d\u00e9e d\u2019un \u00e9change, se re\u00e7oit habill\u00e9(e) sur une table de massage.<\/strong> Je pose les mains sur diff\u00e9rentes zones de votre corps \u00e0 \u00e9quilibrer. Vous participez \u00e0 la s\u00e9ance par la respiration, des visualisations et des prises de conscience. C\u2019est un travail en commun pendant lequel <strong>je vous guide pour trouver les clefs \u00e0 vos probl\u00e9matiques.<\/strong> Ceci vous permettra de faire de nouveaux choix en conscience. Vous devenez votre propre source de gu\u00e9rison.<\/span><\/p>\n<p style=\"text-align: left;\"><span style=\"font-size: large; color: #cb8e13;\">Le Magn\u00e9tisme Humaniste cherche \u00e0 autonomiser le consultant dans son processus de gu\u00e9rison et non \u00e0 l&rsquo;enfermer dans une d\u00e9pendance th\u00e9rapeutique.<\/span><\/p>\n<p style=\"text-align: center;\"><span style=\"font-size: large;\"><strong>Une th\u00e9rapie clef pour ceux et celles qui aspirent au d\u00e9veloppement personnel<\/strong>.\u00a0\u00a0<\/span><\/p>\n<p style=\"text-align: center;\"><span style=\"color: #cb8e13;\">***<\/span><span style=\"font-size: large; color: #cb8e13;\"><\/span><\/p>\n<p style=\"text-align: center;\"><span style=\"font-size: small;\"><span style=\"color: #cb8e13;\"><em>J\u2019ai <\/em><\/span><em style=\"background-color: #ffffff;\">\u00e9t\u00e9 form\u00e9e par S\u00e9bastien Berger de 2015 \u00e0 2022, 7 niveaux, ainsi que 10 modules compl\u00e9mentaires.<\/em><\/span><\/p>\n<p style=\"text-align: center;\"><span style=\"font-size: small;\"><em style=\"background-color: #ffffff;\"><\/em><\/span><\/p>\n<p style=\"text-align: center;\"><span style=\"font-size: small;\"><em style=\"background-color: #ffffff;\"><\/em><\/span><\/p>\n<p style=\"text-align: center;\"><span style=\"font-size: small;\"><em style=\"background-color: #ffffff;\"><\/em><\/span><\/p>\n<p>[\/et_pb_text][\/et_pb_column][\/et_pb_row][\/et_pb_section][et_pb_section fb_built=\u00a0\u00bb1&Prime; _builder_version=\u00a0\u00bb4.16&Prime; _module_preset=\u00a0\u00bbdefault\u00a0\u00bb background_image=\u00a0\u00bbhttp:\/\/goldencocoon.fr\/wp-content\/uploads\/2022\/03\/DSCF9536-scaled.jpg\u00a0\u00bb parallax=\u00a0\u00bbon\u00a0\u00bb min_height=\u00a0\u00bb197.3px\u00a0\u00bb custom_margin=\u00a0\u00bb-2px||-1px|||\u00a0\u00bb custom_padding=\u00a0\u00bb||0px|||\u00a0\u00bb global_colors_info=\u00a0\u00bb{}\u00a0\u00bb][et_pb_row _builder_version=\u00a0\u00bb4.16&Prime; _module_preset=\u00a0\u00bbdefault\u00a0\u00bb global_colors_info=\u00a0\u00bb{}\u00a0\u00bb][et_pb_column type=\u00a0\u00bb4_4&Prime; _builder_version=\u00a0\u00bb4.16&Prime; _module_preset=\u00a0\u00bbdefault\u00a0\u00bb global_colors_info=\u00a0\u00bb{}\u00a0\u00bb][et_pb_text _builder_version=\u00a0\u00bb4.16&Prime; _module_preset=\u00a0\u00bbdefault\u00a0\u00bb global_colors_info=\u00a0\u00bb{}\u00a0\u00bb][\/et_pb_text][et_pb_text _builder_version=\u00a0\u00bb4.16&Prime; _module_preset=\u00a0\u00bbdefault\u00a0\u00bb global_colors_info=\u00a0\u00bb{}\u00a0\u00bb][\/et_pb_text][et_pb_text _builder_version=\u00a0\u00bb4.16&Prime; _module_preset=\u00a0\u00bbdefault\u00a0\u00bb min_height=\u00a0\u00bb51.8px\u00a0\u00bb global_colors_info=\u00a0\u00bb{}\u00a0\u00bb][\/et_pb_text][\/et_pb_column][\/et_pb_row][\/et_pb_section][et_pb_section fb_built=\u00a0\u00bb1&Prime; _builder_version=\u00a0\u00bb4.16&Prime; _module_preset=\u00a0\u00bbdefault\u00a0\u00bb background_color=\u00a0\u00bb#cb8e13&Prime; min_height=\u00a0\u00bb135px\u00a0\u00bb custom_margin=\u00a0\u00bb-31px|||||\u00a0\u00bb custom_padding=\u00a0\u00bb2px|||||\u00a0\u00bb global_colors_info=\u00a0\u00bb{}\u00a0\u00bb][et_pb_row _builder_version=\u00a0\u00bb4.16&Prime; _module_preset=\u00a0\u00bbdefault\u00a0\u00bb min_height=\u00a0\u00bb83.8px\u00a0\u00bb custom_margin=\u00a0\u00bb|auto|-8px|auto||\u00a0\u00bb custom_padding=\u00a0\u00bb18px||48px|||\u00a0\u00bb global_colors_info=\u00a0\u00bb{}\u00a0\u00bb][et_pb_column type=\u00a0\u00bb4_4&Prime; _builder_version=\u00a0\u00bb4.16&Prime; _module_preset=\u00a0\u00bbdefault\u00a0\u00bb global_colors_info=\u00a0\u00bb{}\u00a0\u00bb][et_pb_text _builder_version=\u00a0\u00bb4.21.0&Prime; _module_preset=\u00a0\u00bbdefault\u00a0\u00bb text_text_color=\u00a0\u00bb#FFFFFF\u00a0\u00bb min_height=\u00a0\u00bb42.8px\u00a0\u00bb global_colors_info=\u00a0\u00bb{}\u00a0\u00bb]<\/p>\n<p style=\"text-align: center;\"><span style=\"font-size: large;\">Je pratique en respectant la CHARTE<\/span><span style=\"font-size: large;\"> du Magn\u00e9tisme Humaniste\u00a0<\/span><\/p>\n<p>[\/et_pb_text][\/et_pb_column][\/et_pb_row][\/et_pb_section][et_pb_section fb_built=\u00a0\u00bb1&Prime; _builder_version=\u00a0\u00bb4.16&Prime; _module_preset=\u00a0\u00bbdefault\u00a0\u00bb min_height=\u00a0\u00bb881.5px\u00a0\u00bb custom_margin=\u00a0\u00bb-71px||-87px|||\u00a0\u00bb global_colors_info=\u00a0\u00bb{}\u00a0\u00bb][et_pb_row _builder_version=\u00a0\u00bb4.16&Prime; _module_preset=\u00a0\u00bbdefault\u00a0\u00bb min_height=\u00a0\u00bb668.1px\u00a0\u00bb custom_padding=\u00a0\u00bb||62px|||\u00a0\u00bb global_colors_info=\u00a0\u00bb{}\u00a0\u00bb][et_pb_column type=\u00a0\u00bb4_4&Prime; _builder_version=\u00a0\u00bb4.16&Prime; _module_preset=\u00a0\u00bbdefault\u00a0\u00bb global_colors_info=\u00a0\u00bb{}\u00a0\u00bb][et_pb_text _builder_version=\u00a0\u00bb4.16&Prime; _module_preset=\u00a0\u00bbdefault\u00a0\u00bb min_height=\u00a0\u00bb899.1px\u00a0\u00bb custom_margin=\u00a0\u00bb||-57px|||\u00a0\u00bb custom_padding=\u00a0\u00bb||0px|||\u00a0\u00bb global_colors_info=\u00a0\u00bb{}\u00a0\u00bb]<\/p>\n<p style=\"text-align: center;\"><span style=\"color: #cb8e13;\"><strong>Art 1<\/strong><\/span><\/p>\n<p style=\"text-align: center;\">Transmettre dans l&rsquo;amour et le respect du pouvoir qui nous est confi\u00e9.<\/p>\n<p style=\"text-align: center;\"><strong><span style=\"color: #cb8e13;\">Art 2<\/span><\/strong><\/p>\n<p style=\"text-align: center;\">Ne jamais interrompre un traitement m\u00e9dical ni faire de prescriptions.<\/p>\n<p style=\"text-align: center;\"><span style=\"color: #cb8e13;\"><strong>Art 3<\/strong><\/span><\/p>\n<p style=\"text-align: center;\">Assurer la confidentialit\u00e9 totale des consultations.<\/p>\n<p style=\"text-align: center;\"><span style=\"color: #cb8e13;\"><strong>Art 4<\/strong><\/span><\/p>\n<p style=\"text-align: center;\">Ne jamais promettre miracle ou gu\u00e9rison.<\/p>\n<p style=\"text-align: center;\"><span style=\"color: #cb8e13;\"><strong>Art 5<\/strong><\/span><\/p>\n<p style=\"text-align: center;\">Pratiquer des tarifs \u00e9quilibr\u00e9s, savoir donner, savoir recevoir, savoir \u00e9changer.<\/p>\n<p style=\"text-align: center;\"><span style=\"color: #cb8e13;\"><strong>Art 6<\/strong><\/span><\/p>\n<p style=\"text-align: center;\">Toujours chercher \u00e0 am\u00e9liorer sa pratique. Rester ouvert aux autres th\u00e9rapeutes et aux diverses techniques th\u00e9rapeutiques.<\/p>\n<p style=\"text-align: center;\"><strong><span style=\"color: #cb8e13;\">Art 7<\/span><\/strong><\/p>\n<p style=\"text-align: center;\">Offrir au consultant d&rsquo;\u00eatre sa propre source de gu\u00e9rison.<\/p>\n<p style=\"text-align: center;\"><strong><span style=\"color: #cb8e13;\">Art 8<\/span><\/strong><\/p>\n<p style=\"text-align: center;\">Ne pas pratiquer son art sur les mineurs et les handicap\u00e9s mentaux sans l&rsquo;accord de leurs parents ou de leur tuteur l\u00e9gal.<\/p>\n<p style=\"text-align: center;\"><strong><span style=\"color: #cb8e13;\">Art 9<\/span><\/strong><\/p>\n<p style=\"text-align: center;\">Accueillir ses patients dans un lieu harmonis\u00e9 \u00e9nerg\u00e9tiquement et adapt\u00e9 aux s\u00e9ances.<\/p>\n<p style=\"text-align: center;\"><strong><span style=\"color: #cb8e13;\">Art 10<\/span><\/strong><\/p>\n<p style=\"text-align: center;\">Si cela est demand\u00e9, aider les patients en phase terminale, et apr\u00e8s leur mort physique si cela est n\u00e9cessaire.<\/p>\n<p style=\"text-align: center;\"><strong><span style=\"color: #cb8e13;\">Art 11<\/span><\/strong><\/p>\n<p style=\"text-align: center;\">Rester humble et respectueux des autres. Ne pas utiliser ses capacit\u00e9s pour obtenir autre chose que le bien-\u00eatre de l&rsquo;humain et de la terre.<\/p>\n<p style=\"text-align: center;\"><span style=\"color: #cb8e13;\"><strong>Art 12<\/strong><\/span><\/p>\n<p style=\"text-align: center;\">Savoir se mettre au service de l&rsquo;id\u00e9al le plus haut pour soi et pour le monde.<\/p>\n<p>&nbsp;<\/p>\n<p style=\"text-align: center;\">\n<p>&nbsp;<\/p>\n<p>[\/et_pb_text][et_pb_text _builder_version=\u00a0\u00bb4.21.0&Prime; _module_preset=\u00a0\u00bbdefault\u00a0\u00bb min_height=\u00a0\u00bb76.6px\u00a0\u00bb custom_padding=\u00a0\u00bb0px|||||\u00a0\u00bb global_colors_info=\u00a0\u00bb{}\u00a0\u00bb]<\/p>\n<p style=\"text-align: center;\"><strong>Pour le d\u00e9tail des articles, rendez-vous ici :<\/strong><br \/><a href=\"https:\/\/magnetisme-humaniste.fr\/federation\/charte\/index.html\">Site du Magn\u00e9tisme Humaniste<\/a><\/p>\n<p>[\/et_pb_text][\/et_pb_column][\/et_pb_row][\/et_pb_section][et_pb_section fb_built=\u00a0\u00bb1&Prime; _builder_version=\u00a0\u00bb4.16&Prime; _module_preset=\u00a0\u00bbdefault\u00a0\u00bb custom_padding=\u00a0\u00bb29px|||||\u00a0\u00bb global_colors_info=\u00a0\u00bb{}\u00a0\u00bb][et_pb_row _builder_version=\u00a0\u00bb4.16&Prime; _module_preset=\u00a0\u00bbdefault\u00a0\u00bb min_height=\u00a0\u00bb91px\u00a0\u00bb global_colors_info=\u00a0\u00bb{}\u00a0\u00bb][et_pb_column type=\u00a0\u00bb4_4&Prime; _builder_version=\u00a0\u00bb4.16&Prime; _module_preset=\u00a0\u00bbdefault\u00a0\u00bb global_colors_info=\u00a0\u00bb{}\u00a0\u00bb][et_pb_button button_url=\u00a0\u00bbhttp:\/\/goldencocoon.fr\/index.php\/qui_suis_je\/\u00a0\u00bb button_text=\u00a0\u00bbR\u00e9server une s\u00e9ance\u00a0\u00bb button_alignment=\u00a0\u00bbcenter\u00a0\u00bb _builder_version=\u00a0\u00bb4.21.0&Prime; _module_preset=\u00a0\u00bbdefault\u00a0\u00bb custom_button=\u00a0\u00bbon\u00a0\u00bb button_text_size=\u00a0\u00bb20px\u00a0\u00bb button_text_color=\u00a0\u00bb#cb8e13&Prime; button_bg_color=\u00a0\u00bb#FFFFFF\u00a0\u00bb global_colors_info=\u00a0\u00bb{}\u00a0\u00bb][\/et_pb_button][\/et_pb_column][\/et_pb_row][\/et_pb_section]<\/p>\n","protected":false},"excerpt":{"rendered":"<p>La s\u00e9ance de Magn\u00e9tisme Humaniste \u00catre accompagn\u00e9 sur son chemin de vie en devenant sa propre source de gu\u00e9rison. Comprendre son \u00eatre et ses m\u00e9canismes pour pouvoir faire de nouveaux choix en conscience. Choisir de prendre de nouvelles directions. Le chemin de vie est le parcours qui permet \u00e0 notre \u00eatre d&rsquo;\u00e9voluer. &nbsp;&nbsp; UNE TH\u00c9RAPIE [&hellip;]<\/p>\n","protected":false},"author":1,"featured_media":0,"parent":0,"menu_order":0,"comment_status":"closed","ping_status":"closed","template":"","meta":{"_et_pb_use_builder":"on","_et_pb_old_content":"","_et_gb_content_width":"","footnotes":""},"class_list":["post-147","page","type-page","status-publish","hentry"],"_links":{"self":[{"href":"https:\/\/goldencocoon.fr\/index.php\/wp-json\/wp\/v2\/pages\/147","targetHints":{"allow":["GET"]}}],"collection":[{"href":"https:\/\/goldencocoon.fr\/index.php\/wp-json\/wp\/v2\/pages"}],"about":[{"href":"https:\/\/goldencocoon.fr\/index.php\/wp-json\/wp\/v2\/types\/page"}],"author":[{"embeddable":true,"href":"https:\/\/goldencocoon.fr\/index.php\/wp-json\/wp\/v2\/users\/1"}],"replies":[{"embeddable":true,"href":"https:\/\/goldencocoon.fr\/index.php\/wp-json\/wp\/v2\/comments?post=147"}],"version-history":[{"count":44,"href":"https:\/\/goldencocoon.fr\/index.php\/wp-json\/wp\/v2\/pages\/147\/revisions"}],"predecessor-version":[{"id":681,"href":"https:\/\/goldencocoon.fr\/index.php\/wp-json\/wp\/v2\/pages\/147\/revisions\/681"}],"wp:attachment":[{"href":"https:\/\/goldencocoon.fr\/index.php\/wp-json\/wp\/v2\/media?parent=147"}],"curies":[{"name":"wp","href":"https:\/\/api.w.org\/{rel}","templated":true}]}}