{"id":151,"date":"2022-02-26T15:44:53","date_gmt":"2022-02-26T14:44:53","guid":{"rendered":"https:\/\/goldencocoon.fr\/?page_id=151"},"modified":"2023-06-30T18:07:27","modified_gmt":"2023-06-30T16:07:27","slug":"golden_cocoon","status":"publish","type":"page","link":"https:\/\/goldencocoon.fr\/index.php\/golden_cocoon\/","title":{"rendered":"G\u00c9OBIOLOGIE"},"content":{"rendered":"<p>[et_pb_section fb_built=\u00a0\u00bb1&Prime; _builder_version=\u00a0\u00bb4.16&Prime; _module_preset=\u00a0\u00bbdefault\u00a0\u00bb global_colors_info=\u00a0\u00bb{}\u00a0\u00bb][et_pb_row _builder_version=\u00a0\u00bb4.16&Prime; _module_preset=\u00a0\u00bbdefault\u00a0\u00bb global_colors_info=\u00a0\u00bb{}\u00a0\u00bb][et_pb_column type=\u00a0\u00bb4_4&Prime; _builder_version=\u00a0\u00bb4.16&Prime; _module_preset=\u00a0\u00bbdefault\u00a0\u00bb global_colors_info=\u00a0\u00bb{}\u00a0\u00bb][et_pb_text _builder_version=\u00a0\u00bb4.16&Prime; _module_preset=\u00a0\u00bbdefault\u00a0\u00bb text_text_color=\u00a0\u00bb#cb8e13&Prime; header_text_color=\u00a0\u00bb#cb8e13&Prime; global_colors_info=\u00a0\u00bb{}\u00a0\u00bb]<\/p>\n<h1 style=\"text-align: center;\"><em><\/em><\/h1>\n<h1 style=\"text-align: center;\"><em><\/em><\/h1>\n<h1 style=\"text-align: center;\"><em>Golden Cocoon<\/em><\/h1>\n<p><em><\/em><\/p>\n<p>[\/et_pb_text][\/et_pb_column][\/et_pb_row][et_pb_row _builder_version=\u00a0\u00bb4.21.0&Prime; _module_preset=\u00a0\u00bbdefault\u00a0\u00bb global_colors_info=\u00a0\u00bb{}\u00a0\u00bb][et_pb_column type=\u00a0\u00bb4_4&Prime; _builder_version=\u00a0\u00bb4.21.0&Prime; _module_preset=\u00a0\u00bbdefault\u00a0\u00bb global_colors_info=\u00a0\u00bb{}\u00a0\u00bb][et_pb_text _builder_version=\u00a0\u00bb4.21.0&Prime; _module_preset=\u00a0\u00bbdefault\u00a0\u00bb text_font=\u00a0\u00bb|||||on|||\u00a0\u00bb hover_enabled=\u00a0\u00bb0&Prime; global_colors_info=\u00a0\u00bb{}\u00a0\u00bb sticky_enabled=\u00a0\u00bb0&Prime; text_letter_spacing=\u00a0\u00bb1px\u00a0\u00bb]<\/p>\n<p style=\"text-align: center;\"><span style=\"color: #cb8e13; font-size: large;\"><\/span><\/p>\n<p style=\"text-align: center;\"><span style=\"color: #cb8e13; font-size: large;\"><\/span><\/p>\n<p style=\"text-align: center;\"><span style=\"color: #cb8e13; font-size: medium;\">Pour un lieu de vie ressour\u00e7ant et porteur gr\u00e2ce \u00e0 la g\u00e9obiologie. <\/span><\/p>\n<p style=\"text-align: center;\"><span style=\"font-size: medium;\"><strong><span style=\"color: #cb8e13;\">Ne choisissez pas un lieu \u00e0 porter, mais un lieu qui vous porte.<\/span><\/strong><\/span><\/p>\n<p style=\"text-align: center;\"><span style=\"font-size: medium;\"><strong><span style=\"color: #cb8e13;\"><\/span><\/strong><\/span><\/p>\n<p style=\"text-align: center;\"><span style=\"font-size: medium;\"><strong><span style=\"color: #cb8e13;\">\u00a0<\/span><\/strong><\/span><\/p>\n<p style=\"text-align: center;\"><strong><span style=\"color: #cb8e13;\"><span style=\"font-size: large;\"><\/span><\/span><\/strong><\/p>\n<p>[\/et_pb_text][\/et_pb_column][\/et_pb_row][\/et_pb_section][et_pb_section fb_built=\u00a0\u00bb1&Prime; _builder_version=\u00a0\u00bb4.21.0&Prime; _module_preset=\u00a0\u00bbdefault\u00a0\u00bb background_image=\u00a0\u00bbhttp:\/\/goldencocoon.fr\/wp-content\/uploads\/2022\/03\/DSCF9736-scaled.jpg\u00a0\u00bb parallax=\u00a0\u00bbon\u00a0\u00bb global_colors_info=\u00a0\u00bb{}\u00a0\u00bb][et_pb_row _builder_version=\u00a0\u00bb4.16&Prime; _module_preset=\u00a0\u00bbdefault\u00a0\u00bb global_colors_info=\u00a0\u00bb{}\u00a0\u00bb][et_pb_column type=\u00a0\u00bb4_4&Prime; _builder_version=\u00a0\u00bb4.16&Prime; _module_preset=\u00a0\u00bbdefault\u00a0\u00bb global_colors_info=\u00a0\u00bb{}\u00a0\u00bb][et_pb_text _builder_version=\u00a0\u00bb4.17.3&Prime; _module_preset=\u00a0\u00bbdefault\u00a0\u00bb global_colors_info=\u00a0\u00bb{}\u00a0\u00bb]<\/p>\n<p>&nbsp;<\/p>\n<p>&nbsp;<\/p>\n<p>&nbsp;<\/p>\n<p>&nbsp;<\/p>\n<p>&nbsp;<\/p>\n<p>[\/et_pb_text][\/et_pb_column][\/et_pb_row][\/et_pb_section][et_pb_section fb_built=\u00a0\u00bb1&Prime; _builder_version=\u00a0\u00bb4.16&Prime; _module_preset=\u00a0\u00bbdefault\u00a0\u00bb custom_padding=\u00a0\u00bb||4px|||\u00a0\u00bb global_colors_info=\u00a0\u00bb{}\u00a0\u00bb][et_pb_row _builder_version=\u00a0\u00bb4.21.0&Prime; _module_preset=\u00a0\u00bbdefault\u00a0\u00bb global_colors_info=\u00a0\u00bb{}\u00a0\u00bb][et_pb_column type=\u00a0\u00bb4_4&Prime; _builder_version=\u00a0\u00bb4.21.0&Prime; _module_preset=\u00a0\u00bbdefault\u00a0\u00bb global_colors_info=\u00a0\u00bb{}\u00a0\u00bb][et_pb_text _builder_version=\u00a0\u00bb4.21.0&Prime; _module_preset=\u00a0\u00bbdefault\u00a0\u00bb hover_enabled=\u00a0\u00bb0&Prime; global_colors_info=\u00a0\u00bb{}\u00a0\u00bb sticky_enabled=\u00a0\u00bb0&Prime; text_line_height=\u00a0\u00bb2.1em\u00a0\u00bb]<\/p>\n<p><span style=\"font-size: large;\"><\/span><\/p>\n<p style=\"text-align: center;\"><span style=\"font-size: large;\">QU&rsquo;EST CE QUE LA G\u00c9OBIOLOGIE ?<\/span><\/p>\n<p style=\"text-align: left;\"><span style=\"font-size: large;\">La g\u00e9obiologie est l&rsquo;\u00e9tude et l&rsquo;intervention sur les \u00e9nergies des lieux. Au m\u00eame titre que le feng shui, elle vise <strong>l&rsquo;\u00e9quilibre<\/strong> et la plus grande <strong>harmonie<\/strong> des espaces pour le bien-\u00eatre de ceux qui y \u00e9voluent.<\/span><br \/><span style=\"font-size: large;\">Le g\u00e9obiologue intervient pour <strong>corriger, neutraliser les pollutions qui impactent et ralentissent la vibration des lieux<\/strong> : pollutions environnementales, \u00e9lectromagn\u00e9tiques, g\u00e9ologiques, m\u00e9moires, objets, r\u00e9seaux \u00e9nerg\u00e9tiques&#8230; autant de facteurs qui lorsqu&rsquo;ils sont cumul\u00e9s ont un impact important sur la qualit\u00e9 des lieux et de la vie de leurs occupants.<\/span><\/p>\n<p style=\"text-align: center;\"><span style=\"font-size: large;\"><\/span><\/p>\n<p>[\/et_pb_text][\/et_pb_column][\/et_pb_row][et_pb_row _builder_version=\u00a0\u00bb4.21.0&Prime; _module_preset=\u00a0\u00bbdefault\u00a0\u00bb global_colors_info=\u00a0\u00bb{}\u00a0\u00bb][et_pb_column type=\u00a0\u00bb4_4&Prime; _builder_version=\u00a0\u00bb4.21.0&Prime; _module_preset=\u00a0\u00bbdefault\u00a0\u00bb global_colors_info=\u00a0\u00bb{}\u00a0\u00bb][et_pb_image src=\u00a0\u00bbhttp:\/\/goldencocoon.fr\/wp-content\/uploads\/2022\/05\/cropped-etoile_1.png\u00a0\u00bb title_text=\u00a0\u00bbcropped-etoile_1.png\u00a0\u00bb _builder_version=\u00a0\u00bb4.21.0&Prime; _module_preset=\u00a0\u00bbdefault\u00a0\u00bb width=\u00a0\u00bb8%\u00a0\u00bb max_width=\u00a0\u00bb11%\u00a0\u00bb module_alignment=\u00a0\u00bbcenter\u00a0\u00bb global_colors_info=\u00a0\u00bb{}\u00a0\u00bb][\/et_pb_image][\/et_pb_column][\/et_pb_row][et_pb_row _builder_version=\u00a0\u00bb4.16&Prime; _module_preset=\u00a0\u00bbdefault\u00a0\u00bb global_colors_info=\u00a0\u00bb{}\u00a0\u00bb][et_pb_column type=\u00a0\u00bb4_4&Prime; _builder_version=\u00a0\u00bb4.16&Prime; _module_preset=\u00a0\u00bbdefault\u00a0\u00bb global_colors_info=\u00a0\u00bb{}\u00a0\u00bb][et_pb_text _builder_version=\u00a0\u00bb4.21.0&Prime; _module_preset=\u00a0\u00bbdefault\u00a0\u00bb header_text_color=\u00a0\u00bb#cb8e13&Prime; hover_enabled=\u00a0\u00bb0&Prime; global_colors_info=\u00a0\u00bb{}\u00a0\u00bb sticky_enabled=\u00a0\u00bb0&Prime; text_line_height=\u00a0\u00bb2.1em\u00a0\u00bb]<\/p>\n<p style=\"text-align: center;\">\n<p style=\"text-align: center;\"><span style=\"font-size: large;\">LA S\u00c9ANCE \u00ab\u00a0GOLDEN COCOON\u00a0\u00bb<\/span><\/p>\n<p style=\"text-align: center;\"><span style=\"color: #cb8e13;\"><em><span style=\"font-size: large;\"><\/span><\/em><\/span><\/p>\n<p style=\"text-align: left;\"><span style=\"font-size: large; color: #cb8e13;\">Cette s\u00e9ance vous permettra de <strong>d\u00e9couvrir la g\u00e9obiologie et ses b\u00e9n\u00e9fices.<\/strong><\/span><br \/><span style=\"font-size: large; color: #cb8e13;\">Je vous transmettrai des points clefs pour am\u00e9liorer votre espace de vie avec un <strong>focus sur une pi\u00e8ce de votre choix<\/strong> pour une <strong>premi\u00e8re mise en mouvement<\/strong> de votre lieu de vie.<\/span><\/p>\n<p style=\"text-align: center;\"><span style=\"font-size: large; color: #cb8e13;\"><\/span><\/p>\n<p style=\"text-align: left;\"><strong><span style=\"font-size: large;\">&#8212;&gt; Objectif d&rsquo;une g\u00e9obiologie compl\u00e8te de votre lieu de vie :<\/span><\/strong> <span style=\"font-size: large; color: #cb8e13;\">vous permettre de vivre dans un espace bienveillant et harmonis\u00e9. Ainsi votre lieu de vie deviendra pour vous un appui suppl\u00e9mentaire pour vous d\u00e9ployer en toute s\u00e9r\u00e9nit\u00e9.<\/span><span style=\"font-size: large; color: #cb8e13;\"><em><\/em><\/span><\/p>\n<p style=\"text-align: left;\"><span style=\"font-size: large; color: #cb8e13;\"><\/span><\/p>\n<p style=\"text-align: center;\"><span style=\"font-size: large; color: #cb8e13;\"><em>S\u00e9ance offerte si vous optez ensuite pour une g\u00e9obiologie compl\u00e8te de votre lieu de vie avec <a href=\"http:\/\/www.energeticiensdeslieux.fr\" style=\"color: #cb8e13;\">www.energeticiensdeslieux.fr<\/a><\/em><\/span><\/p>\n<p style=\"text-align: center;\"><span style=\"font-size: large; color: #cb8e13;\"><em><\/em><\/span><\/p>\n<p>[\/et_pb_text][\/et_pb_column][\/et_pb_row][\/et_pb_section][et_pb_section fb_built=\u00a0\u00bb1&Prime; _builder_version=\u00a0\u00bb4.16&Prime; _module_preset=\u00a0\u00bbdefault\u00a0\u00bb global_colors_info=\u00a0\u00bb{}\u00a0\u00bb][et_pb_row _builder_version=\u00a0\u00bb4.16&Prime; _module_preset=\u00a0\u00bbdefault\u00a0\u00bb global_colors_info=\u00a0\u00bb{}\u00a0\u00bb][et_pb_column type=\u00a0\u00bb4_4&Prime; _builder_version=\u00a0\u00bb4.16&Prime; _module_preset=\u00a0\u00bbdefault\u00a0\u00bb global_colors_info=\u00a0\u00bb{}\u00a0\u00bb][et_pb_button button_url=\u00a0\u00bbhttp:\/\/goldencocoon.fr\/index.php\/qui_suis_je\/\u00a0\u00bb button_text=\u00a0\u00bbR\u00e9server une s\u00e9ance\u00a0\u00bb button_alignment=\u00a0\u00bbcenter\u00a0\u00bb _builder_version=\u00a0\u00bb4.17.4&Prime; _module_preset=\u00a0\u00bbdefault\u00a0\u00bb custom_button=\u00a0\u00bbon\u00a0\u00bb button_text_size=\u00a0\u00bb20px\u00a0\u00bb button_text_color=\u00a0\u00bb#cb8e13&Prime; button_bg_color=\u00a0\u00bb#FFFFFF\u00a0\u00bb global_colors_info=\u00a0\u00bb{}\u00a0\u00bb][\/et_pb_button][\/et_pb_column][\/et_pb_row][\/et_pb_section]<\/p>\n","protected":false},"excerpt":{"rendered":"<p>Golden Cocoon Pour un lieu de vie ressour\u00e7ant et porteur gr\u00e2ce \u00e0 la g\u00e9obiologie. Ne choisissez pas un lieu \u00e0 porter, mais un lieu qui vous porte. \u00a0 &nbsp; &nbsp; &nbsp; &nbsp; &nbsp; QU&rsquo;EST CE QUE LA G\u00c9OBIOLOGIE ? La g\u00e9obiologie est l&rsquo;\u00e9tude et l&rsquo;intervention sur les \u00e9nergies des lieux. Au m\u00eame titre que le [&hellip;]<\/p>\n","protected":false},"author":1,"featured_media":0,"parent":0,"menu_order":0,"comment_status":"closed","ping_status":"closed","template":"","meta":{"_et_pb_use_builder":"on","_et_pb_old_content":"","_et_gb_content_width":"","footnotes":""},"class_list":["post-151","page","type-page","status-publish","hentry"],"_links":{"self":[{"href":"https:\/\/goldencocoon.fr\/index.php\/wp-json\/wp\/v2\/pages\/151","targetHints":{"allow":["GET"]}}],"collection":[{"href":"https:\/\/goldencocoon.fr\/index.php\/wp-json\/wp\/v2\/pages"}],"about":[{"href":"https:\/\/goldencocoon.fr\/index.php\/wp-json\/wp\/v2\/types\/page"}],"author":[{"embeddable":true,"href":"https:\/\/goldencocoon.fr\/index.php\/wp-json\/wp\/v2\/users\/1"}],"replies":[{"embeddable":true,"href":"https:\/\/goldencocoon.fr\/index.php\/wp-json\/wp\/v2\/comments?post=151"}],"version-history":[{"count":24,"href":"https:\/\/goldencocoon.fr\/index.php\/wp-json\/wp\/v2\/pages\/151\/revisions"}],"predecessor-version":[{"id":851,"href":"https:\/\/goldencocoon.fr\/index.php\/wp-json\/wp\/v2\/pages\/151\/revisions\/851"}],"wp:attachment":[{"href":"https:\/\/goldencocoon.fr\/index.php\/wp-json\/wp\/v2\/media?parent=151"}],"curies":[{"name":"wp","href":"https:\/\/api.w.org\/{rel}","templated":true}]}}