{"id":377,"date":"2022-05-13T13:33:29","date_gmt":"2022-05-13T11:33:29","guid":{"rendered":"https:\/\/goldencocoon.fr\/?page_id=377"},"modified":"2023-06-30T10:57:09","modified_gmt":"2023-06-30T08:57:09","slug":"accompagnements","status":"publish","type":"page","link":"https:\/\/goldencocoon.fr\/index.php\/accompagnements\/","title":{"rendered":"ACCOMPAGNEMENTS"},"content":{"rendered":"<p>[et_pb_section fb_built=\u00a0\u00bb1&Prime; _builder_version=\u00a0\u00bb4.16&Prime; _module_preset=\u00a0\u00bbdefault\u00a0\u00bb custom_padding=\u00a0\u00bb0px|||||\u00a0\u00bb global_colors_info=\u00a0\u00bb{}\u00a0\u00bb][et_pb_row _builder_version=\u00a0\u00bb4.16&Prime; _module_preset=\u00a0\u00bbdefault\u00a0\u00bb global_colors_info=\u00a0\u00bb{}\u00a0\u00bb][et_pb_column type=\u00a0\u00bb4_4&Prime; _builder_version=\u00a0\u00bb4.16&Prime; _module_preset=\u00a0\u00bbdefault\u00a0\u00bb global_colors_info=\u00a0\u00bb{}\u00a0\u00bb][et_pb_text _builder_version=\u00a0\u00bb4.21.0&Prime; _module_preset=\u00a0\u00bbdefault\u00a0\u00bb text_text_color=\u00a0\u00bb#cb8e13&Prime; header_text_color=\u00a0\u00bb#cb8e13&Prime; custom_margin=\u00a0\u00bb9px|||||\u00a0\u00bb global_colors_info=\u00a0\u00bb{}\u00a0\u00bb]<\/p>\n<h1 style=\"text-align: center;\"><em><\/em><\/h1>\n<h1 style=\"text-align: center;\"><em>Se faire accompagner <\/em><\/h1>\n<h1 style=\"text-align: center;\"><em>sur le Chemin<\/em><\/h1>\n<p><em><\/em><\/p>\n<p><em><\/em><\/p>\n<p><em><\/em><\/p>\n<p>[\/et_pb_text][\/et_pb_column][\/et_pb_row][et_pb_row _builder_version=\u00a0\u00bb4.17.4&Prime; _module_preset=\u00a0\u00bbdefault\u00a0\u00bb global_colors_info=\u00a0\u00bb{}\u00a0\u00bb][et_pb_column type=\u00a0\u00bb4_4&Prime; _builder_version=\u00a0\u00bb4.16&Prime; _module_preset=\u00a0\u00bbdefault\u00a0\u00bb global_colors_info=\u00a0\u00bb{}\u00a0\u00bb][et_pb_text _builder_version=\u00a0\u00bb4.21.0&Prime; _module_preset=\u00a0\u00bbdefault\u00a0\u00bb text_font=\u00a0\u00bb|||||on|||\u00a0\u00bb text_font_size=\u00a0\u00bb15px\u00a0\u00bb text_letter_spacing=\u00a0\u00bb1px\u00a0\u00bb text_line_height=\u00a0\u00bb1.8em\u00a0\u00bb header_text_color=\u00a0\u00bb#cb8e13&Prime; header_line_height=\u00a0\u00bb2.1em\u00a0\u00bb custom_padding=\u00a0\u00bb||0px|||\u00a0\u00bb global_colors_info=\u00a0\u00bb{}\u00a0\u00bb]<\/p>\n<p style=\"text-align: center;\">\u00a0Des changements dans votre vie, des \u00e9v\u00e9nements importants du pr\u00e9sent ou du pass\u00e9 non r\u00e9solus, des choix \u00e0 faire&#8230; La vie n&rsquo;est pas toujours \u00ab\u00a0un long fleuve tranquille\u00a0\u00bb. Choisir un accompagnement, c&rsquo;est tendre la main vers soi. S&rsquo;autoriser \u00e0 acc\u00e9der \u00e0 la compr\u00e9hension de Soi, se lib\u00e9rer des ses cha\u00eenes pour enfin oser \u00eatre.<\/p>\n<p style=\"text-align: center;\"><strong>\u00ab\u00a0Aide toi et le Ciel t&rsquo;aidera\u00a0\u00bb.<\/strong><\/p>\n<p style=\"text-align: center;\"><strong><\/strong><\/p>\n<p style=\"text-align: center;\"><strong><\/strong><\/p>\n<p style=\"text-align: center;\"><strong><\/strong><\/p>\n<p>[\/et_pb_text][\/et_pb_column][\/et_pb_row][\/et_pb_section][et_pb_section fb_built=\u00a0\u00bb1&Prime; _builder_version=\u00a0\u00bb4.21.0&Prime; _module_preset=\u00a0\u00bbdefault\u00a0\u00bb background_image=\u00a0\u00bbhttp:\/\/goldencocoon.fr\/wp-content\/uploads\/2022\/06\/DSCF9751-site-chemin-scaled-e1655295597241.jpg\u00a0\u00bb global_colors_info=\u00a0\u00bb{}\u00a0\u00bb][et_pb_row _builder_version=\u00a0\u00bb4.16&Prime; _module_preset=\u00a0\u00bbdefault\u00a0\u00bb global_colors_info=\u00a0\u00bb{}\u00a0\u00bb][et_pb_column type=\u00a0\u00bb4_4&Prime; _builder_version=\u00a0\u00bb4.16&Prime; _module_preset=\u00a0\u00bbdefault\u00a0\u00bb global_colors_info=\u00a0\u00bb{}\u00a0\u00bb][\/et_pb_column][\/et_pb_row][et_pb_row _builder_version=\u00a0\u00bb4.16&Prime; _module_preset=\u00a0\u00bbdefault\u00a0\u00bb global_colors_info=\u00a0\u00bb{}\u00a0\u00bb][et_pb_column type=\u00a0\u00bb4_4&Prime; _builder_version=\u00a0\u00bb4.16&Prime; _module_preset=\u00a0\u00bbdefault\u00a0\u00bb global_colors_info=\u00a0\u00bb{}\u00a0\u00bb][et_pb_text _builder_version=\u00a0\u00bb4.16&Prime; _module_preset=\u00a0\u00bbdefault\u00a0\u00bb global_colors_info=\u00a0\u00bb{}\u00a0\u00bb]<\/p>\n<p>&nbsp;<\/p>\n<p>&nbsp;<\/p>\n<p>&nbsp;<\/p>\n<p>&nbsp;<\/p>\n<p>[\/et_pb_text][\/et_pb_column][\/et_pb_row][et_pb_row _builder_version=\u00a0\u00bb4.16&Prime; _module_preset=\u00a0\u00bbdefault\u00a0\u00bb global_colors_info=\u00a0\u00bb{}\u00a0\u00bb][et_pb_column type=\u00a0\u00bb4_4&Prime; _builder_version=\u00a0\u00bb4.16&Prime; _module_preset=\u00a0\u00bbdefault\u00a0\u00bb global_colors_info=\u00a0\u00bb{}\u00a0\u00bb][\/et_pb_column][\/et_pb_row][\/et_pb_section][et_pb_section fb_built=\u00a0\u00bb1&Prime; _builder_version=\u00a0\u00bb4.16&Prime; _module_preset=\u00a0\u00bbdefault\u00a0\u00bb global_colors_info=\u00a0\u00bb{}\u00a0\u00bb][et_pb_row _builder_version=\u00a0\u00bb4.17.3&Prime; _module_preset=\u00a0\u00bbdefault\u00a0\u00bb custom_margin=\u00a0\u00bb|auto|14px|auto||\u00a0\u00bb custom_padding=\u00a0\u00bb14px|||||\u00a0\u00bb global_colors_info=\u00a0\u00bb{}\u00a0\u00bb][et_pb_column type=\u00a0\u00bb4_4&Prime; _builder_version=\u00a0\u00bb4.17.3&Prime; _module_preset=\u00a0\u00bbdefault\u00a0\u00bb global_colors_info=\u00a0\u00bb{}\u00a0\u00bb][et_pb_image src=\u00a0\u00bbhttp:\/\/goldencocoon.fr\/wp-content\/uploads\/2022\/05\/etoile_1.png\u00a0\u00bb title_text=\u00a0\u00bbetoile_1&Prime; show_bottom_space=\u00a0\u00bboff\u00a0\u00bb _builder_version=\u00a0\u00bb4.21.0&Prime; _module_preset=\u00a0\u00bbdefault\u00a0\u00bb width=\u00a0\u00bb8%\u00a0\u00bb max_width=\u00a0\u00bb11%\u00a0\u00bb module_alignment=\u00a0\u00bbcenter\u00a0\u00bb custom_margin=\u00a0\u00bb||15px|||\u00a0\u00bb global_colors_info=\u00a0\u00bb{}\u00a0\u00bb][\/et_pb_image][et_pb_text _builder_version=\u00a0\u00bb4.21.0&Prime; _module_preset=\u00a0\u00bbdefault\u00a0\u00bb text_font=\u00a0\u00bb||||||||\u00a0\u00bb text_line_height=\u00a0\u00bb2.1em\u00a0\u00bb header_text_color=\u00a0\u00bb#cb8e13&Prime; header_line_height=\u00a0\u00bb2.1em\u00a0\u00bb text_orientation=\u00a0\u00bbcenter\u00a0\u00bb custom_padding=\u00a0\u00bb||0px|||\u00a0\u00bb global_colors_info=\u00a0\u00bb{}\u00a0\u00bb]<\/p>\n<p style=\"text-align: center;\"><span style=\"color: #cb8e13; font-size: large;\">\u00a0<strong>UN ENGAGEMENT DE SOI \u00c0 SOI<\/strong><\/span><\/p>\n<p style=\"text-align: center;\"><span style=\"color: #cb8e13; font-size: large;\"><strong><\/strong><\/span><\/p>\n<p style=\"text-align: left;\"><span style=\"font-size: large;\">Je propose de vous aider \u00e0 avancer sur le sujet qui vous pr\u00e9occupe.<\/span><\/p>\n<p style=\"text-align: left;\"><span style=\"font-size: large;\">Les accompagnements vous guideront vers une compr\u00e9hension profonde des m\u00e9canismes qui se mettent en place en vous. Nous lib\u00e9rerons des vieilles m\u00e9moires, travaillerons en conscience sur vos corps \u00e9nerg\u00e9tiques, afin que vous puissiez vous reconnecter \u00e0 vos ressources.<\/span><\/p>\n<p style=\"text-align: left;\"><span style=\"font-size: large;\">Vous pourrez faire <strong>le premier pas vers votre mieux-\u00eatre<\/strong> en choisissant l&rsquo;accompagnement <strong>\u00c9TOILE sur 45 jours<\/strong>, ou alors <strong>vous aventurer au-del\u00e0 des sentiers battus<\/strong> en choisissant l&rsquo;accompagnement <strong>SUPERNOVA sur 3 ou 6 mois<\/strong>.<\/span><\/p>\n<p>[\/et_pb_text][et_pb_image src=\u00a0\u00bbhttp:\/\/goldencocoon.fr\/wp-content\/uploads\/2022\/05\/etoile_1.png\u00a0\u00bb title_text=\u00a0\u00bbetoile_1&Prime; show_bottom_space=\u00a0\u00bboff\u00a0\u00bb _builder_version=\u00a0\u00bb4.21.0&Prime; _module_preset=\u00a0\u00bbdefault\u00a0\u00bb width=\u00a0\u00bb8.8%\u00a0\u00bb max_width=\u00a0\u00bb11%\u00a0\u00bb module_alignment=\u00a0\u00bbcenter\u00a0\u00bb custom_margin=\u00a0\u00bb||15px|||\u00a0\u00bb global_colors_info=\u00a0\u00bb{}\u00a0\u00bb][\/et_pb_image][\/et_pb_column][\/et_pb_row][et_pb_row _builder_version=\u00a0\u00bb4.21.0&Prime; _module_preset=\u00a0\u00bbdefault\u00a0\u00bb global_colors_info=\u00a0\u00bb{}\u00a0\u00bb][et_pb_column type=\u00a0\u00bb4_4&Prime; _builder_version=\u00a0\u00bb4.21.0&Prime; _module_preset=\u00a0\u00bbdefault\u00a0\u00bb global_colors_info=\u00a0\u00bb{}\u00a0\u00bb][et_pb_text _builder_version=\u00a0\u00bb4.21.0&Prime; _module_preset=\u00a0\u00bbdefault\u00a0\u00bb text_line_height=\u00a0\u00bb2.1em\u00a0\u00bb global_colors_info=\u00a0\u00bb{}\u00a0\u00bb]<\/p>\n<p style=\"text-align: center;\"><strong><span style=\"font-size: large;\">\u00caTRE LE CR\u00c9ATEUR,<\/span><\/strong><\/p>\n<p style=\"text-align: center;\"><strong><span style=\"font-size: large;\"> LA CR\u00c9ATRICE DE SA VIE<\/span><\/strong><\/p>\n<p style=\"text-align: center;\"><strong><span style=\"font-size: large;\"><\/span><\/strong><\/p>\n<p style=\"text-align: left;\"><span style=\"font-size: large;\">J\u2019aide les personnes qui veulent \u00eatre les cr\u00e9atrices de leur vie. \u00catre pleinement sans se sentir d\u00e9pendant.e du regard ou des attentes des autres.\u00a0<\/span><\/p>\n<p style=\"text-align: left;\"><span style=\"color: #cb8e13; font-size: large;\">Gr\u00e2ce \u00e0 ma connaissance de l\u2019Humain et \u00e0 des techniques \u00e9nerg\u00e9tiques, je vais vous apprendre \u00e0 identifier, accueillir et enfin d\u00e9passer vos blocages, peurs, pressions ext\u00e9rieures et int\u00e9rieures pour vous sentir libres d\u2019exprimer pleinement qui vous \u00eates.<\/span><\/p>\n<p style=\"text-align: center;\"><strong><span style=\"color: #cb8e13; font-size: large;\">Entrez dans VOTRE Lumi\u00e8re\u00a0!<\/span><\/strong><\/p>\n<p>[\/et_pb_text][et_pb_image src=\u00a0\u00bbhttp:\/\/goldencocoon.fr\/wp-content\/uploads\/2022\/05\/etoile_1.png\u00a0\u00bb title_text=\u00a0\u00bbetoile_1&Prime; show_bottom_space=\u00a0\u00bboff\u00a0\u00bb _builder_version=\u00a0\u00bb4.21.0&Prime; _module_preset=\u00a0\u00bbdefault\u00a0\u00bb width=\u00a0\u00bb8%\u00a0\u00bb max_width=\u00a0\u00bb11%\u00a0\u00bb module_alignment=\u00a0\u00bbcenter\u00a0\u00bb custom_margin=\u00a0\u00bb||10px|||\u00a0\u00bb global_colors_info=\u00a0\u00bb{}\u00a0\u00bb][\/et_pb_image][\/et_pb_column][\/et_pb_row][\/et_pb_section][et_pb_section fb_built=\u00a0\u00bb1&Prime; _builder_version=\u00a0\u00bb4.16&Prime; _module_preset=\u00a0\u00bbdefault\u00a0\u00bb min_height=\u00a0\u00bb720px\u00a0\u00bb custom_margin=\u00a0\u00bb||-42px|||\u00a0\u00bb global_colors_info=\u00a0\u00bb{}\u00a0\u00bb][et_pb_row _builder_version=\u00a0\u00bb4.17.4&Prime; _module_preset=\u00a0\u00bbdefault\u00a0\u00bb global_colors_info=\u00a0\u00bb{}\u00a0\u00bb][et_pb_column type=\u00a0\u00bb4_4&Prime; _builder_version=\u00a0\u00bb4.17.4&Prime; _module_preset=\u00a0\u00bbdefault\u00a0\u00bb global_colors_info=\u00a0\u00bb{}\u00a0\u00bb][et_pb_text _builder_version=\u00a0\u00bb4.21.0&Prime; _module_preset=\u00a0\u00bbdefault\u00a0\u00bb text_font=\u00a0\u00bb|||||on|||\u00a0\u00bb text_font_size=\u00a0\u00bb20px\u00a0\u00bb min_height=\u00a0\u00bb89px\u00a0\u00bb global_colors_info=\u00a0\u00bb{}\u00a0\u00bb]<\/p>\n<h2><strong><span style=\"color: #cb8e13;\"><\/span><\/strong><\/h2>\n<h2 style=\"text-align: center;\"><span style=\"font-size: xx-large;\"><strong><span style=\"color: #cb8e13;\">\u00c9TOILE<\/span><\/strong><\/span><\/h2>\n<h2 style=\"text-align: center;\"><span style=\"font-size: large;\"><b><i>Reprendre pied en 45 jours\u00a0<\/i><\/b><\/span><\/h2>\n<p>[\/et_pb_text][\/et_pb_column][\/et_pb_row][et_pb_row column_structure=\u00a0\u00bb1_2,1_2&Prime; _builder_version=\u00a0\u00bb4.17.4&Prime; _module_preset=\u00a0\u00bbdefault\u00a0\u00bb border_radii=\u00a0\u00bbon|5px|5px|5px|5px\u00a0\u00bb global_colors_info=\u00a0\u00bb{}\u00a0\u00bb][et_pb_column type=\u00a0\u00bb1_2&Prime; _builder_version=\u00a0\u00bb4.16&Prime; _module_preset=\u00a0\u00bbdefault\u00a0\u00bb global_colors_info=\u00a0\u00bb{}\u00a0\u00bb][et_pb_image src=\u00a0\u00bbhttp:\/\/goldencocoon.fr\/wp-content\/uploads\/2022\/03\/DSCF9543-scaled.jpg\u00a0\u00bb alt=\u00a0\u00bbrespire, ouvre ton coeur\u00a0\u00bb title_text=\u00a0\u00bbDSCF9543&Prime; _builder_version=\u00a0\u00bb4.21.0&Prime; _module_preset=\u00a0\u00bbdefault\u00a0\u00bb border_radii=\u00a0\u00bbon|20px|20px|20px|20px\u00a0\u00bb global_colors_info=\u00a0\u00bb{}\u00a0\u00bb][\/et_pb_image][\/et_pb_column][et_pb_column type=\u00a0\u00bb1_2&Prime; _builder_version=\u00a0\u00bb4.17.4&Prime; _module_preset=\u00a0\u00bbdefault\u00a0\u00bb global_colors_info=\u00a0\u00bb{}\u00a0\u00bb][et_pb_text _builder_version=\u00a0\u00bb4.21.0&Prime; _module_preset=\u00a0\u00bbdefault\u00a0\u00bb text_line_height=\u00a0\u00bb2.1em\u00a0\u00bb custom_padding=\u00a0\u00bb||0px|||\u00a0\u00bb global_colors_info=\u00a0\u00bb{}\u00a0\u00bb]<\/p>\n<p><em style=\"font-size: large;\">Vous avez d\u00e9pass\u00e9 le stade de la fatigue, vous sentez vraiment \u00e9puis\u00e9(e), \u00e0 la limite du burn-out. Vous traversez un moment difficile et vous avez besoin de soutien ?<\/em><\/p>\n<p><em style=\"font-size: large;\"> <\/em><\/p>\n<p><span style=\"font-size: large;\">Je vous accompagne \u00e0 reprendre pied gr\u00e2ce \u00e0 un parcours juste et adapt\u00e9 en 4 temps. Nous commencerons par un \u00e9change de d\u00e9marrage de 20 \u00e0 30min en visio, t\u00e9l\u00e9phone ou au cabinet et 3 soins \u00e0 d\u00e9finir* selon votre besoin r\u00e9partis sur une dur\u00e9e de 45 jours.\u00a0<\/span><\/p>\n<p style=\"text-align: center;\"><span style=\"font-size: large;\"><strong>Un premier pas vers votre mieux-\u00eatre.<br \/>Autorisez-vous \u00e0 briller comme une \u00e9toile.<\/strong><\/span><\/p>\n<p style=\"text-align: center;\"><span style=\"color: #cb8e13;\"><\/span><\/p>\n<p style=\"text-align: center;\"><a href=\"https:\/\/www.youtube.com\/watch?v=NGrLb6W5YOM\"><span style=\"color: #cb8e13; font-size: large;\">\u00ab All by myself, anymore \u00bb <\/span><\/a><br \/>Clique sur le titre et laisse-toi emporter par la musique \ud83d\ude42<\/p>\n<p>[\/et_pb_text][et_pb_button button_url=\u00a0\u00bbhttp:\/\/goldencocoon.fr\/index.php\/qui_suis_je\/\u00a0\u00bb button_text=\u00a0\u00bbJe prends l&rsquo;accompagnement \u00c9TOILE\u00a0\u00bb button_alignment=\u00a0\u00bbcenter\u00a0\u00bb _builder_version=\u00a0\u00bb4.21.0&Prime; _module_preset=\u00a0\u00bbdefault\u00a0\u00bb custom_button=\u00a0\u00bbon\u00a0\u00bb button_text_size=\u00a0\u00bb20px\u00a0\u00bb button_text_color=\u00a0\u00bb#cb8e13&Prime; button_bg_color=\u00a0\u00bbrgba(255,255,255,0.46)\u00a0\u00bb button_border_color=\u00a0\u00bb#cb8e13&Prime; button_icon_color=\u00a0\u00bb#cb8e13&Prime; transform_translate_linked=\u00a0\u00bboff\u00a0\u00bb hover_enabled=\u00a0\u00bb0&Prime; global_colors_info=\u00a0\u00bb{}\u00a0\u00bb animation_style=\u00a0\u00bbslide\u00a0\u00bb sticky_enabled=\u00a0\u00bb0&Prime;][\/et_pb_button][\/et_pb_column][\/et_pb_row][\/et_pb_section][et_pb_section fb_built=\u00a0\u00bb1&Prime; _builder_version=\u00a0\u00bb4.16&Prime; _module_preset=\u00a0\u00bbdefault\u00a0\u00bb min_height=\u00a0\u00bb901.2px\u00a0\u00bb custom_margin=\u00a0\u00bb||-42px|||\u00a0\u00bb custom_padding=\u00a0\u00bb65px||8px|||\u00a0\u00bb global_colors_info=\u00a0\u00bb{}\u00a0\u00bb][et_pb_row _builder_version=\u00a0\u00bb4.17.3&Prime; _module_preset=\u00a0\u00bbdefault\u00a0\u00bb min_height=\u00a0\u00bb100.3px\u00a0\u00bb custom_padding=\u00a0\u00bb3px|||||\u00a0\u00bb global_colors_info=\u00a0\u00bb{}\u00a0\u00bb][et_pb_column type=\u00a0\u00bb4_4&Prime; _builder_version=\u00a0\u00bb4.17.3&Prime; _module_preset=\u00a0\u00bbdefault\u00a0\u00bb global_colors_info=\u00a0\u00bb{}\u00a0\u00bb][et_pb_image src=\u00a0\u00bbhttp:\/\/goldencocoon.fr\/wp-content\/uploads\/2022\/05\/etoile_1.png\u00a0\u00bb title_text=\u00a0\u00bbetoile_1&Prime; show_bottom_space=\u00a0\u00bboff\u00a0\u00bb _builder_version=\u00a0\u00bb4.17.3&Prime; _module_preset=\u00a0\u00bbdefault\u00a0\u00bb width=\u00a0\u00bb8%\u00a0\u00bb max_width=\u00a0\u00bb11%\u00a0\u00bb module_alignment=\u00a0\u00bbcenter\u00a0\u00bb global_colors_info=\u00a0\u00bb{}\u00a0\u00bb min_height=\u00a0\u00bb66px\u00a0\u00bb][\/et_pb_image][\/et_pb_column][\/et_pb_row][et_pb_row _builder_version=\u00a0\u00bb4.17.4&Prime; _module_preset=\u00a0\u00bbdefault\u00a0\u00bb global_colors_info=\u00a0\u00bb{}\u00a0\u00bb min_height=\u00a0\u00bb138.6px\u00a0\u00bb custom_margin=\u00a0\u00bb-8px|auto||auto||\u00a0\u00bb][et_pb_column type=\u00a0\u00bb4_4&Prime; _builder_version=\u00a0\u00bb4.17.4&Prime; _module_preset=\u00a0\u00bbdefault\u00a0\u00bb global_colors_info=\u00a0\u00bb{}\u00a0\u00bb][et_pb_text _builder_version=\u00a0\u00bb4.21.0&Prime; _module_preset=\u00a0\u00bbdefault\u00a0\u00bb text_font=\u00a0\u00bb|||||on|||\u00a0\u00bb text_font_size=\u00a0\u00bb20px\u00a0\u00bb custom_padding=\u00a0\u00bb0px||6px|||\u00a0\u00bb global_colors_info=\u00a0\u00bb{}\u00a0\u00bb custom_margin=\u00a0\u00bb||-16px|||\u00a0\u00bb]<\/p>\n<h2><strong><span style=\"color: #cb8e13;\"><\/span><\/strong><\/h2>\n<h2 style=\"text-align: center;\"><span style=\"font-size: xx-large;\"><strong><span style=\"color: #cb8e13;\">SUPERNOVA <\/span><\/strong><\/span><\/h2>\n<h2 style=\"text-align: center;\"><span style=\"font-size: medium;\"><strong><span style=\"color: #cb8e13;\"><em>Accompagnement de 3 ou 6 mois sur mesure<\/em><\/span><\/strong><\/span><\/h2>\n<p>[\/et_pb_text][\/et_pb_column][\/et_pb_row][et_pb_row column_structure=\u00a0\u00bb1_2,1_2&Prime; _builder_version=\u00a0\u00bb4.21.0&Prime; _module_preset=\u00a0\u00bbdefault\u00a0\u00bb min_height=\u00a0\u00bb1260.5px\u00a0\u00bb custom_margin=\u00a0\u00bb-29px|auto|1px|auto||\u00a0\u00bb custom_padding=\u00a0\u00bb||0px|||\u00a0\u00bb global_colors_info=\u00a0\u00bb{}\u00a0\u00bb][et_pb_column type=\u00a0\u00bb1_2&Prime; _builder_version=\u00a0\u00bb4.16&Prime; _module_preset=\u00a0\u00bbdefault\u00a0\u00bb global_colors_info=\u00a0\u00bb{}\u00a0\u00bb][et_pb_text _builder_version=\u00a0\u00bb4.21.0&Prime; _module_preset=\u00a0\u00bbdefault\u00a0\u00bb text_font=\u00a0\u00bb||||||||\u00a0\u00bb text_line_height=\u00a0\u00bb2.1em\u00a0\u00bb custom_padding=\u00a0\u00bb0px||0px|||\u00a0\u00bb global_colors_info=\u00a0\u00bb{}\u00a0\u00bb min_height=\u00a0\u00bb1065.3px\u00a0\u00bb]<\/p>\n<p><span style=\"color: #cb8e13; font-size: large;\"><em><\/em><\/span><\/p>\n<p><span style=\"color: #cb8e13; font-size: large;\"><em>Des changements dans votre vie ? Offrez-vous 3 ou 6 mois de soutien bienveillant. <\/em><em>Devenez le cr\u00e9ateur, la cr\u00e9atrice de votre vie. Oser exprimez votre monde unique et pr\u00e9cieux. Faites de ce monde votre r\u00e9alit\u00e9.<\/em><\/span><\/p>\n<p><span style=\"font-size: large;\"><strong>Vous serez accompagn\u00e9(e) \u00e0 chaque \u00e9tape du chemin avec un programme personnalis\u00e9 :<\/strong><\/span><\/p>\n<p><span style=\"font-size: large;\">7 s\u00e9ances sur 3 mois ou 14 s\u00e9ances sur 6 mois. L&rsquo;accompagnement Supernova s&rsquo;adapte en fonction de l&rsquo;\u00e9volution de la probl\u00e9matique d\u00e9pos\u00e9e et des besoins du moment. L&rsquo;outil* utilis\u00e9 \u00e0 chaque s\u00e9ance sera d\u00e9termin\u00e9 au fil de l&rsquo;accompagnement.<\/span><\/p>\n<p><span style=\"color: #cb8e13; font-size: large;\">Il pourra \u00eatre int\u00e9gr\u00e9 dans ce travail, si n\u00e9cessaire, une s\u00e9ance \u00ab\u00a0<a href=\"http:\/\/goldencocoon.fr\/index.php\/golden_cocoon\/\">Golden Cocoon<\/a><\/span><span style=\"color: #cb8e13; font-size: large;\">\u00a0\u00bb pour une premi\u00e8re mise en mouvement de votre lieu de vie gr\u00e2ce \u00e0 la g\u00e9obiologie.<\/span><em><span style=\"color: #cb8e13; font-size: large;\"><br \/><\/span><\/em><br \/><span style=\"color: #cb8e13; font-size: large;\">Vous pourrez aussi choisir de compl\u00e9ter l\u2019accompagnement par <a href=\"www.energeticiensdeslieux.fr\"><strong>une g\u00e9obiologie de votre lieu de vie<\/strong><\/a>.<\/span><\/p>\n<p><strong><span style=\"color: #cb8e13; font-size: large;\">+ Chaque s\u00e9ance est adapt\u00e9e \u00e0 votre besoin du moment.<\/span><\/strong><\/p>\n<p><strong><span style=\"color: #cb8e13; font-size: large;\">+ Des exercices concrets sont propos\u00e9s, si n\u00e9cessaire, entre chaque s\u00e9ance.<\/span><\/strong><\/p>\n<p><strong><span style=\"color: #cb8e13; font-size: large;\">+ Un fil whats&rsquo;app sera d\u00e9di\u00e9 tout le long de votre accompagnement.<\/span><\/strong><\/p>\n<p><strong> <\/strong><\/p>\n<p><strong><\/strong><span style=\"color: #cb8e13; font-size: large;\"><span style=\"font-size: medium;\"><em>*Les outils utilis\u00e9s seront s\u00e9lectionn\u00e9s parmi la liste suivante :<br \/>Magn\u00e9tisme humanis<\/em><\/span><\/span><span style=\"color: #cb8e13; font-size: large;\"><span style=\"font-size: medium;\"><em>te, R\u00e9flexologie<\/em><\/span><\/span><span style=\"color: #cb8e13; font-size: large;\"><span style=\"font-size: medium;\"><em> p<\/em><\/span><\/span><span style=\"color: #cb8e13; font-size: large;\"><span style=\"font-size: medium;\"><em>lantaire,<\/em><\/span><\/span><span style=\"color: #cb8e13; font-size: large;\"><span style=\"font-size: medium;\"><em> Massage \u00e9nerg\u00e9tique, Temps de parole, Exercices concrets si n\u00e9cessaire entre les s\u00e9ances.<\/em><\/span><\/span><strong><span style=\"color: #cb8e13; font-size: large;\"><br \/><\/span><\/strong><\/p>\n<p><span style=\"color: #cb8e13; font-size: large;\"><span style=\"font-size: medium;\"><em><\/em><\/span><\/span><\/p>\n<p style=\"text-align: center;\"><a href=\"https:\/\/www.youtube.com\/watch?v=WUOtCLOXgm8\"><span style=\"color: #cb8e13; font-size: large;\"><em>\u00ab\u00a0I want to break free\u00a0\u00bb<\/em><\/span><\/a><\/p>\n<p style=\"text-align: center;\"><span style=\"color: #cb8e13; font-size: small;\">Clique sur le titre et laisse-toi emporter par la musique \ud83d\ude42<\/span><\/p>\n<p style=\"text-align: center;\"><span style=\"color: #cb8e13; font-size: large;\"><em><\/em><\/span><\/p>\n<p>[\/et_pb_text][\/et_pb_column][et_pb_column type=\u00a0\u00bb1_2&Prime; _builder_version=\u00a0\u00bb4.17.4&Prime; _module_preset=\u00a0\u00bbdefault\u00a0\u00bb global_colors_info=\u00a0\u00bb{}\u00a0\u00bb][et_pb_image src=\u00a0\u00bbhttp:\/\/goldencocoon.fr\/wp-content\/uploads\/2022\/03\/DSCF9141-scaled.jpg\u00a0\u00bb title_text=\u00a0\u00bbDSCF9141&Prime; _builder_version=\u00a0\u00bb4.21.0&Prime; _module_preset=\u00a0\u00bbdefault\u00a0\u00bb min_height=\u00a0\u00bb423px\u00a0\u00bb custom_margin=\u00a0\u00bb||3px|||\u00a0\u00bb custom_padding=\u00a0\u00bb||1px|||\u00a0\u00bb border_radii=\u00a0\u00bbon|20px|20px|20px|20px\u00a0\u00bb global_colors_info=\u00a0\u00bb{}\u00a0\u00bb][\/et_pb_image][et_pb_button button_url=\u00a0\u00bbhttp:\/\/goldencocoon.fr\/index.php\/qui_suis_je\/\u00a0\u00bb button_text=\u00a0\u00bbJe prends l&rsquo;accompagnement SUPERNOVA\u00a0\u00bb button_alignment=\u00a0\u00bbcenter\u00a0\u00bb _builder_version=\u00a0\u00bb4.21.0&Prime; _module_preset=\u00a0\u00bbdefault\u00a0\u00bb custom_button=\u00a0\u00bbon\u00a0\u00bb button_text_size=\u00a0\u00bb20px\u00a0\u00bb button_text_color=\u00a0\u00bb#cb8e13&Prime; button_bg_color=\u00a0\u00bb#FFFFFF\u00a0\u00bb button_border_radius=\u00a0\u00bb12px\u00a0\u00bb transform_translate=\u00a0\u00bb0px|38px\u00a0\u00bb transform_translate_linked=\u00a0\u00bboff\u00a0\u00bb custom_margin=\u00a0\u00bb-4px|||||\u00a0\u00bb custom_padding=\u00a0\u00bb||4px|||\u00a0\u00bb hover_enabled=\u00a0\u00bb0&Prime; global_colors_info=\u00a0\u00bb{}\u00a0\u00bb sticky_enabled=\u00a0\u00bb0&Prime; animation_style=\u00a0\u00bbslide\u00a0\u00bb][\/et_pb_button][et_pb_divider show_divider=\u00a0\u00bboff\u00a0\u00bb _builder_version=\u00a0\u00bb4.21.0&Prime; _module_preset=\u00a0\u00bbdefault\u00a0\u00bb global_colors_info=\u00a0\u00bb{}\u00a0\u00bb][\/et_pb_divider][et_pb_divider _builder_version=\u00a0\u00bb4.21.0&Prime; _module_preset=\u00a0\u00bbdefault\u00a0\u00bb hover_enabled=\u00a0\u00bb0&Prime; global_colors_info=\u00a0\u00bb{}\u00a0\u00bb sticky_enabled=\u00a0\u00bb0&Prime; show_divider=\u00a0\u00bboff\u00a0\u00bb][\/et_pb_divider][\/et_pb_column][\/et_pb_row][\/et_pb_section]<\/p>\n","protected":false},"excerpt":{"rendered":"<p>Se faire accompagner sur le Chemin \u00a0Des changements dans votre vie, des \u00e9v\u00e9nements importants du pr\u00e9sent ou du pass\u00e9 non r\u00e9solus, des choix \u00e0 faire&#8230; La vie n&rsquo;est pas toujours \u00ab\u00a0un long fleuve tranquille\u00a0\u00bb. Choisir un accompagnement, c&rsquo;est tendre la main vers soi. S&rsquo;autoriser \u00e0 acc\u00e9der \u00e0 la compr\u00e9hension de Soi, se lib\u00e9rer des ses [&hellip;]<\/p>\n","protected":false},"author":1,"featured_media":0,"parent":0,"menu_order":0,"comment_status":"closed","ping_status":"closed","template":"","meta":{"_et_pb_use_builder":"on","_et_pb_old_content":"","_et_gb_content_width":"","footnotes":""},"class_list":["post-377","page","type-page","status-publish","hentry"],"_links":{"self":[{"href":"https:\/\/goldencocoon.fr\/index.php\/wp-json\/wp\/v2\/pages\/377","targetHints":{"allow":["GET"]}}],"collection":[{"href":"https:\/\/goldencocoon.fr\/index.php\/wp-json\/wp\/v2\/pages"}],"about":[{"href":"https:\/\/goldencocoon.fr\/index.php\/wp-json\/wp\/v2\/types\/page"}],"author":[{"embeddable":true,"href":"https:\/\/goldencocoon.fr\/index.php\/wp-json\/wp\/v2\/users\/1"}],"replies":[{"embeddable":true,"href":"https:\/\/goldencocoon.fr\/index.php\/wp-json\/wp\/v2\/comments?post=377"}],"version-history":[{"count":39,"href":"https:\/\/goldencocoon.fr\/index.php\/wp-json\/wp\/v2\/pages\/377\/revisions"}],"predecessor-version":[{"id":772,"href":"https:\/\/goldencocoon.fr\/index.php\/wp-json\/wp\/v2\/pages\/377\/revisions\/772"}],"wp:attachment":[{"href":"https:\/\/goldencocoon.fr\/index.php\/wp-json\/wp\/v2\/media?parent=377"}],"curies":[{"name":"wp","href":"https:\/\/api.w.org\/{rel}","templated":true}]}}